{"id":1497,"date":"2023-07-20T13:38:46","date_gmt":"2023-07-20T13:38:46","guid":{"rendered":"https:\/\/exelfluid.com\/?page_id=1497"},"modified":"2023-07-20T13:47:46","modified_gmt":"2023-07-20T13:47:46","slug":"produits-chimiques","status":"publish","type":"page","link":"https:\/\/exelfluid.com\/index.php\/produits-chimiques\/","title":{"rendered":"Produits Chimiques"},"content":{"rendered":"\t\t<div data-elementor-type=\"wp-page\" data-elementor-id=\"1497\" class=\"elementor elementor-1497\">\n\t\t\t\t\t\t<section class=\"elementor-section elementor-top-section elementor-element elementor-element-75338f9 elementor-section-boxed elementor-section-height-default elementor-section-height-default\" data-id=\"75338f9\" data-element_type=\"section\">\n\t\t\t\t\t\t<div class=\"elementor-container elementor-column-gap-default\">\n\t\t\t\t\t<div class=\"elementor-column elementor-col-100 elementor-top-column elementor-element elementor-element-beac36e\" data-id=\"beac36e\" data-element_type=\"column\">\n\t\t\t<div class=\"elementor-widget-wrap elementor-element-populated\">\n\t\t\t\t\t\t<div class=\"elementor-element elementor-element-6491f0d elementor-widget elementor-widget-heading\" data-id=\"6491f0d\" data-element_type=\"widget\" data-widget_type=\"heading.default\">\n\t\t\t\t\t<h2 class=\"elementor-heading-title elementor-size-default\">Les Produits Chimiques Divers<\/h2>\t\t\t\t<\/div>\n\t\t\t\t\t<\/div>\n\t\t<\/div>\n\t\t\t\t\t<\/div>\n\t\t<\/section>\n\t\t\t\t<section class=\"elementor-section elementor-top-section elementor-element elementor-element-44f7452 elementor-section-boxed elementor-section-height-default elementor-section-height-default\" data-id=\"44f7452\" data-element_type=\"section\">\n\t\t\t\t\t\t<div class=\"elementor-container elementor-column-gap-default\">\n\t\t\t\t\t<div class=\"elementor-column elementor-col-66 elementor-top-column elementor-element elementor-element-336b262\" data-id=\"336b262\" data-element_type=\"column\">\n\t\t\t<div class=\"elementor-widget-wrap elementor-element-populated\">\n\t\t\t\t\t\t<div class=\"elementor-element elementor-element-f4396ec elementor-widget elementor-widget-text-editor\" data-id=\"f4396ec\" data-element_type=\"widget\" data-widget_type=\"text-editor.default\">\n\t\t\t\t\t\t\t\t\t<p>Notre d\u00e9veloppement s&#8217;axe principalement sur la repr\u00e9sentation au Maroc de producteurs \u00e9trangers, pour la vente et l&#8217;assistance technique de produits chimiques, pour les industries :<\/p><ol><li>Laboratoires chimique: produits pures c\u00e9rtifi\u00e9s<\/li><li>Caoutchouc, c\u00e2bles, pneumatiques<\/li><li>Composites et mousses de polyur\u00e9thane<\/li><li>Alimentation humaine et animale<\/li><li>Transformation des mati\u00e8res plastiques<\/li><li>Peintures et encres, vernis, colles, b\u00e2timent et travaux publics<\/li><li>Pharmacie, cosm\u00e9tiques, parfumerie et v\u00e9t\u00e9rinaire<\/li><li>Automobile, p\u00e9trole et p\u00e9trochimie, m\u00e9tallurgie<\/li><\/ol><p>Nous pouvons sur demande vous envoyer les sp\u00e9cifications de nos produits ainsi que des \u00e9chantillons et assurer la logistique depuis notre stockage ou l\u2019usine de production jusqu&#8217;\u00e0 la destination souhait\u00e9e.<\/p><p>Nous sommes\u00a0\u00e9galement une soci\u00e9t\u00e9 comp\u00e9tente en mati\u00e8re &#8220;d&#8217;Engineering&#8221;, du conseil technique \u00e0 l&#8217;installation d&#8217;unit\u00e9s. Nous r\u00e9alisons vos demandes dans ces domaines, gr\u00e2ce \u00e0 notre ma\u00eetrise, \u00e0 nos connaissances dans certains secteurs de la chimie et\/ou par l&#8217;interm\u00e9diaire de notre tissu relationnel dans ce cr\u00e9neau d&#8217;activit\u00e9. Notre mobilit\u00e9 et nos structures nous permettent d&#8217;\u00eatre pr\u00e9sent, disponible et comp\u00e9titif sur le march\u00e9 de la chimie en g\u00e9n\u00e9ral.<\/p>\t\t\t\t\t\t\t\t<\/div>\n\t\t\t\t\t<\/div>\n\t\t<\/div>\n\t\t\t\t<div class=\"elementor-column elementor-col-33 elementor-top-column elementor-element elementor-element-0b00ad3\" data-id=\"0b00ad3\" data-element_type=\"column\">\n\t\t\t<div class=\"elementor-widget-wrap elementor-element-populated\">\n\t\t\t\t\t\t<div class=\"elementor-element elementor-element-7f4c2ef elementor-widget elementor-widget-image\" data-id=\"7f4c2ef\" data-element_type=\"widget\" data-widget_type=\"image.default\">\n\t\t\t\t\t\t\t\t\t\t\t\t\t\t\t<img decoding=\"async\" width=\"300\" height=\"162\" src=\"https:\/\/exelfluid.com\/wp-content\/uploads\/2023\/07\/chimique.gif\" class=\"attachment-full size-full wp-image-1499\" alt=\"PRODUIT CHEMIQUE MAROC PRIX\" \/>\t\t\t\t\t\t\t\t\t\t\t\t\t\t\t<\/div>\n\t\t\t\t\t<\/div>\n\t\t<\/div>\n\t\t\t\t\t<\/div>\n\t\t<\/section>\n\t\t\t\t<\/div>\n\t\t","protected":false},"excerpt":{"rendered":"<p>Les Produits Chimiques Divers Notre d\u00e9veloppement s&#8217;axe principalement sur la repr\u00e9sentation au Maroc de producteurs \u00e9trangers, pour la vente et l&#8217;assistance technique de produits chimiques, pour les industries : Laboratoires chimique: produits pures c\u00e9rtifi\u00e9s Caoutchouc, c\u00e2bles, pneumatiques Composites et mousses de polyur\u00e9thane Alimentation humaine et animale Transformation des mati\u00e8res plastiques Peintures et encres, vernis, colles, &hellip;<\/p>\n<p class=\"read-more\"> <a class=\"\" href=\"https:\/\/exelfluid.com\/index.php\/produits-chimiques\/\"> <span class=\"screen-reader-text\">Produits Chimiques<\/span> Read More &raquo;<\/a><\/p>\n","protected":false},"author":1,"featured_media":0,"parent":0,"menu_order":0,"comment_status":"closed","ping_status":"closed","template":"","meta":{"site-sidebar-layout":"no-sidebar","site-content-layout":"page-builder","ast-site-content-layout":"","site-content-style":"default","site-sidebar-style":"default","ast-global-header-display":"","ast-banner-title-visibility":"","ast-main-header-display":"","ast-hfb-above-header-display":"","ast-hfb-below-header-display":"","ast-hfb-mobile-header-display":"","site-post-title":"disabled","ast-breadcrumbs-content":"","ast-featured-img":"disabled","footer-sml-layout":"","theme-transparent-header-meta":"","adv-header-id-meta":"","stick-header-meta":"","header-above-stick-meta":"","header-main-stick-meta":"","header-below-stick-meta":"","astra-migrate-meta-layouts":"","ast-page-background-enabled":"default","ast-page-background-meta":{"desktop":{"background-color":"var(--ast-global-color-4)","background-image":"","background-repeat":"repeat","background-position":"center center","background-size":"auto","background-attachment":"scroll","background-type":"","background-media":"","overlay-type":"","overlay-color":"","overlay-gradient":""},"tablet":{"background-color":"","background-image":"","background-repeat":"repeat","background-position":"center center","background-size":"auto","background-attachment":"scroll","background-type":"","background-media":"","overlay-type":"","overlay-color":"","overlay-gradient":""},"mobile":{"background-color":"","background-image":"","background-repeat":"repeat","background-position":"center center","background-size":"auto","background-attachment":"scroll","background-type":"","background-media":"","overlay-type":"","overlay-color":"","overlay-gradient":""}},"ast-content-background-meta":{"desktop":{"background-color":"var(--ast-global-color-5)","background-image":"","background-repeat":"repeat","background-position":"center center","background-size":"auto","background-attachment":"scroll","background-type":"","background-media":"","overlay-type":"","overlay-color":"","overlay-gradient":""},"tablet":{"background-color":"var(--ast-global-color-5)","background-image":"","background-repeat":"repeat","background-position":"center center","background-size":"auto","background-attachment":"scroll","background-type":"","background-media":"","overlay-type":"","overlay-color":"","overlay-gradient":""},"mobile":{"background-color":"var(--ast-global-color-5)","background-image":"","background-repeat":"repeat","background-position":"center center","background-size":"auto","background-attachment":"scroll","background-type":"","background-media":"","overlay-type":"","overlay-color":"","overlay-gradient":""}},"footnotes":""},"_links":{"self":[{"href":"https:\/\/exelfluid.com\/index.php\/wp-json\/wp\/v2\/pages\/1497"}],"collection":[{"href":"https:\/\/exelfluid.com\/index.php\/wp-json\/wp\/v2\/pages"}],"about":[{"href":"https:\/\/exelfluid.com\/index.php\/wp-json\/wp\/v2\/types\/page"}],"author":[{"embeddable":true,"href":"https:\/\/exelfluid.com\/index.php\/wp-json\/wp\/v2\/users\/1"}],"replies":[{"embeddable":true,"href":"https:\/\/exelfluid.com\/index.php\/wp-json\/wp\/v2\/comments?post=1497"}],"version-history":[{"count":4,"href":"https:\/\/exelfluid.com\/index.php\/wp-json\/wp\/v2\/pages\/1497\/revisions"}],"predecessor-version":[{"id":1503,"href":"https:\/\/exelfluid.com\/index.php\/wp-json\/wp\/v2\/pages\/1497\/revisions\/1503"}],"wp:attachment":[{"href":"https:\/\/exelfluid.com\/index.php\/wp-json\/wp\/v2\/media?parent=1497"}],"curies":[{"name":"wp","href":"https:\/\/api.w.org\/{rel}","templated":true}]}}